{"id":7096,"date":"2021-04-27T13:46:45","date_gmt":"2021-04-27T11:46:45","guid":{"rendered":"https:\/\/depmali.net\/?post_type=product&#038;p=7096"},"modified":"2022-05-12T18:03:57","modified_gmt":"2022-05-12T18:03:57","slug":"groupe-electrogene-perkin-40-kva","status":"publish","type":"product","link":"https:\/\/depmali.net\/?product=groupe-electrogene-perkin-40-kva","title":{"rendered":"Groupe \u00e9lectrog\u00e8ne Perkins 40KVA"},"content":{"rendered":"<h5>Cat\u00e9gories\u00a0:\u00a0<a href=\"https:\/\/www.cgl.fr\/categorie-produit\/energie-industrie\/\" rel=\"tag\">\u00c9nergie industrie<\/a>,\u00a0<a href=\"https:\/\/www.cgl.fr\/categorie-produit\/travaux-publics-batiment\/groupes-electrogenes\/\" rel=\"tag\">Groupes \u00e9lectrog\u00e8nes<\/a>,\u00a0<a href=\"https:\/\/www.cgl.fr\/categorie-produit\/travaux-publics-batiment\/groupes-electrogenes\/groupes-electrogenes-groupes-electrogenes\/\" rel=\"tag\">Groupes \u00e9lectrog\u00e8nes<\/a>,\u00a0<a href=\"https:\/\/www.cgl.fr\/categorie-produit\/energie-industrie\/groupes-electrogenes-energie-industrie\/\" rel=\"tag\">Groupes \u00e9lectrog\u00e8nes<\/a>,\u00a0<a href=\"https:\/\/www.cgl.fr\/categorie-produit\/energie-industrie\/groupes-electrogenes-energie-industrie\/groupes-electrogenes-groupes-electrogenes-energie-industrie\/\" rel=\"tag\">Groupes \u00e9lectrog\u00e8nes<\/a>,\u00a0<a href=\"https:\/\/www.cgl.fr\/categorie-produit\/travaux-publics-batiment\/\" rel=\"tag\">Travaux publics &amp; b\u00e2timent<\/a><\/h5>\n","protected":false},"excerpt":{"rendered":"<h4 class=\"tm-primary-color\">PERKINS S\u00e9rie<br \/>\nGroupes \u00e9lectrog\u00e8nes diesel<\/h4>\n<table class=\"uk-table emsagucblogu fr-FR\" style=\"height: 126px;\" width=\"465\">\n<tbody>\n<tr>\n<td style=\"text-align: center;\" rowspan=\"2\">\n<h5>SECOURS<\/h5>\n<\/td>\n<td>\n<h5>kVA<\/h5>\n<\/td>\n<td>\n<h5>33<\/h5>\n<\/td>\n<\/tr>\n<tr>\n<td>\n<h5>kW<\/h5>\n<\/td>\n<td>\n<h5>26<\/h5>\n<\/td>\n<\/tr>\n<tr>\n<td style=\"text-align: center;\" rowspan=\"2\">\n<h5>CONTINUE<\/h5>\n<\/td>\n<td>\n<h5>kVA<\/h5>\n<\/td>\n<td>\n<h5>30<\/h5>\n<\/td>\n<\/tr>\n<tr>\n<td>\n<h5>kW<\/h5>\n<\/td>\n<td>\n<h5>24<\/h5>\n<\/td>\n<\/tr>\n<\/tbody>\n<\/table>\n","protected":false},"featured_media":7230,"comment_status":"open","ping_status":"closed","template":"","meta":[],"product_brand":[],"product_cat":[67],"product_tag":[],"class_list":{"0":"post-7096","1":"product","2":"type-product","3":"status-publish","4":"has-post-thumbnail","6":"product_cat-groupe-electrogene","8":"first","9":"instock","10":"shipping-taxable","11":"purchasable","12":"product-type-simple"},"_links":{"self":[{"href":"https:\/\/depmali.net\/index.php?rest_route=\/wp\/v2\/product\/7096","targetHints":{"allow":["GET"]}}],"collection":[{"href":"https:\/\/depmali.net\/index.php?rest_route=\/wp\/v2\/product"}],"about":[{"href":"https:\/\/depmali.net\/index.php?rest_route=\/wp\/v2\/types\/product"}],"replies":[{"embeddable":true,"href":"https:\/\/depmali.net\/index.php?rest_route=%2Fwp%2Fv2%2Fcomments&post=7096"}],"version-history":[{"count":10,"href":"https:\/\/depmali.net\/index.php?rest_route=\/wp\/v2\/product\/7096\/revisions"}],"predecessor-version":[{"id":7236,"href":"https:\/\/depmali.net\/index.php?rest_route=\/wp\/v2\/product\/7096\/revisions\/7236"}],"wp:featuredmedia":[{"embeddable":true,"href":"https:\/\/depmali.net\/index.php?rest_route=\/wp\/v2\/media\/7230"}],"wp:attachment":[{"href":"https:\/\/depmali.net\/index.php?rest_route=%2Fwp%2Fv2%2Fmedia&parent=7096"}],"wp:term":[{"taxonomy":"product_brand","embeddable":true,"href":"https:\/\/depmali.net\/index.php?rest_route=%2Fwp%2Fv2%2Fproduct_brand&post=7096"},{"taxonomy":"product_cat","embeddable":true,"href":"https:\/\/depmali.net\/index.php?rest_route=%2Fwp%2Fv2%2Fproduct_cat&post=7096"},{"taxonomy":"product_tag","embeddable":true,"href":"https:\/\/depmali.net\/index.php?rest_route=%2Fwp%2Fv2%2Fproduct_tag&post=7096"}],"curies":[{"name":"wp","href":"https:\/\/api.w.org\/{rel}","templated":true}]}}