{"id":7078,"date":"2021-04-23T13:53:50","date_gmt":"2021-04-23T11:53:50","guid":{"rendered":"https:\/\/depmali.net\/?post_type=product&#038;p=7078"},"modified":"2022-05-12T18:16:36","modified_gmt":"2022-05-12T18:16:36","slug":"perkins-250-w","status":"publish","type":"product","link":"https:\/\/depmali.net\/?product=perkins-250-w","title":{"rendered":"Groupe \u00e9lectrog\u00e8ne 50KVA"},"content":{"rendered":"<h4><b>Puissance secours <\/b><\/h4>\n<h6>Pour un moteur de secours doit \u00eatre dimensionn\u00e9e pour un facteur de charge moyen maximum de 70% et environ 200 heures par an. Les valeurs nominales de puissance de secours ne doivent jamais \u00eatre appliqu\u00e9es, sauf en cas de v\u00e9ritable panne d&rsquo;urgence. Avec les g\u00e9n\u00e9rateurs de secours, aucune capacit\u00e9 de surcharge n&rsquo;est int\u00e9gr\u00e9e aux unit\u00e9s.<\/h6>\n<h4><b>Puissance continue <\/b><\/h4>\n<h6>La puissance continue est la puissance maximale accessible \u00e0 la charge variable pendant un nombre illimit\u00e9 d&rsquo;heures par an dans un r\u00e9glage de charge variable. Il est d\u00e9conseill\u00e9 que la charge variable d\u00e9passe 70% en moyenne de la puissance nominale pendant toute p\u00e9riode de fonctionnement. Si le moteur tourne \u00e0 100% de sa puissance initiale, les heures annuelles ne doivent pas d\u00e9passer 500. Les situations de surcharge doivent \u00eatre \u00e9vit\u00e9es, mais une capacit\u00e9 de surcharge de 10% est disponible pendant une p\u00e9riode d&rsquo;une heure dans un cycle de fonctionnement de 12 heures.<\/h6>\n<h4 class=\"uk-width-medium-1-2 uk-row-first\"><strong>La<\/strong>\u00a0<b>Puissance continue 24 h\u00a0<\/b><\/h4>\n<h6 class=\"uk-width-medium-1-2 uk-row-first\">La puissance continue 24h est utilis\u00e9e dans les applications o\u00f9 l&rsquo;alimentation \u00e9lectrique est \u00e0 une charge constante de 100% pendant un nombre illimit\u00e9 d&rsquo;heures chaque ann\u00e9e. Les unit\u00e9s de puissance nominale continue sont les plus largement utilis\u00e9es dans les applications o\u00f9 le r\u00e9seau \u00e9lectrique est inaccessible.<\/h6>\n<h4 class=\"uk-width-medium-1-2\"><strong>NORME DE QUALITE<\/strong><\/h4>\n<h6 class=\"uk-width-medium-1-2\">Nos groupes \u00e9lectrog\u00e8nes sont fabriqu\u00e9s en conformit\u00e9 avec les normes VDE 0530, BSE 4999 BS5000, IEC 34, TS ISO 8528, TS EN ISO 3744, TS EN ISO 3746, TS EN 60034-1, TS EN 60204-1, TS EN 60335-1, TS EN 61439-1, EN 61000, TS EN ISO12100. Nous avons ISO 9001:2008, ISO 14001:2004, OHSAS 18001:2007 et ISO10002:2006 certificats de syst\u00e8me de gestion de Kiwa &amp; MEYER, un organisme de qualit\u00e9 ind\u00e9pendant accr\u00e9dit\u00e9. Nos groupes \u00e9lectrog\u00e8nes jusqu\u2019\u00e0 400 kW sont fabriqu\u00e9s conform\u00e9ment \u00e0 la directive europ\u00e9enne sur les \u00e9missions sonores 2000\/14 \/ CE et certifi\u00e9s par Ente Certificazione Macchine. Nous avons aussi TS ISO 8528-4, TS ISO 8528-5, TS EN 13501-1+A1:2013 Ignifugation et certificat TS EN ISO 9227 anticorrosion ainsi que leur d\u00e9claration CE.<\/h6>\n","protected":false},"excerpt":{"rendered":"<div class=\" uk-width-medium-1-2 uk-row-first\">\n<h4 class=\"tm-primary-color\">PERKINS S\u00e9rie<br \/>\nGroupes \u00e9lectrog\u00e8nes diesel<\/h4>\n<table class=\"uk-table emsagucblogu fr-FR\" style=\"height: 51px;\" width=\"569\">\n<tbody>\n<tr>\n<td style=\"text-align: center;\" rowspan=\"2\">\n<h5>SECOURS<\/h5>\n<\/td>\n<td>\n<h5>kVA<\/h5>\n<\/td>\n<td>\n<h5>50<\/h5>\n<\/td>\n<\/tr>\n<tr>\n<td>\n<h5>kW<\/h5>\n<\/td>\n<td>\n<h5>40<\/h5>\n<\/td>\n<\/tr>\n<tr>\n<td style=\"text-align: center;\" rowspan=\"2\">\n<h5>CONTINUE<\/h5>\n<\/td>\n<td>\n<h5>kVA<\/h5>\n<\/td>\n<td>\n<h5>45<\/h5>\n<\/td>\n<\/tr>\n<tr>\n<td>\n<h5>kW<\/h5>\n<\/td>\n<td>\n<h5>36<\/h5>\n<\/td>\n<\/tr>\n<\/tbody>\n<\/table>\n<\/div>\n","protected":false},"featured_media":7238,"comment_status":"open","ping_status":"closed","template":"","meta":[],"product_brand":[],"product_cat":[67],"product_tag":[84,32],"class_list":{"0":"post-7078","1":"product","2":"type-product","3":"status-publish","4":"has-post-thumbnail","6":"product_cat-groupe-electrogene","7":"product_tag-camion","8":"product_tag-groupe-electrogene","10":"first","11":"instock","12":"shipping-taxable","13":"purchasable","14":"product-type-simple"},"_links":{"self":[{"href":"https:\/\/depmali.net\/index.php?rest_route=\/wp\/v2\/product\/7078","targetHints":{"allow":["GET"]}}],"collection":[{"href":"https:\/\/depmali.net\/index.php?rest_route=\/wp\/v2\/product"}],"about":[{"href":"https:\/\/depmali.net\/index.php?rest_route=\/wp\/v2\/types\/product"}],"replies":[{"embeddable":true,"href":"https:\/\/depmali.net\/index.php?rest_route=%2Fwp%2Fv2%2Fcomments&post=7078"}],"version-history":[{"count":5,"href":"https:\/\/depmali.net\/index.php?rest_route=\/wp\/v2\/product\/7078\/revisions"}],"predecessor-version":[{"id":7240,"href":"https:\/\/depmali.net\/index.php?rest_route=\/wp\/v2\/product\/7078\/revisions\/7240"}],"wp:featuredmedia":[{"embeddable":true,"href":"https:\/\/depmali.net\/index.php?rest_route=\/wp\/v2\/media\/7238"}],"wp:attachment":[{"href":"https:\/\/depmali.net\/index.php?rest_route=%2Fwp%2Fv2%2Fmedia&parent=7078"}],"wp:term":[{"taxonomy":"product_brand","embeddable":true,"href":"https:\/\/depmali.net\/index.php?rest_route=%2Fwp%2Fv2%2Fproduct_brand&post=7078"},{"taxonomy":"product_cat","embeddable":true,"href":"https:\/\/depmali.net\/index.php?rest_route=%2Fwp%2Fv2%2Fproduct_cat&post=7078"},{"taxonomy":"product_tag","embeddable":true,"href":"https:\/\/depmali.net\/index.php?rest_route=%2Fwp%2Fv2%2Fproduct_tag&post=7078"}],"curies":[{"name":"wp","href":"https:\/\/api.w.org\/{rel}","templated":true}]}}