{"id":513,"date":"2018-12-12T14:53:48","date_gmt":"2018-12-12T14:53:48","guid":{"rendered":"https:\/\/wilmer.qodeinteractive.com\/?post_type=product&#038;p=513"},"modified":"2022-05-12T17:32:55","modified_gmt":"2022-05-12T17:32:55","slug":"plastering-tool","status":"publish","type":"product","link":"https:\/\/depmali.net\/?product=plastering-tool","title":{"rendered":"Groupe \u00e9lectrog\u00e8ne Perkins 17KVA"},"content":{"rendered":"<p>Groupe \u00e9lectrog\u00e8ne Perkins Diesel 17 kWA<\/p>\n","protected":false},"excerpt":{"rendered":"<p>C\u2019est un appareil robuste install\u00e9 dans un auvent en m\u00e9tal. Il r\u00e9pond aux besoins en \u00e9nergie des plus puissants appareils domestiques et industriels.<\/p>\n","protected":false},"featured_media":7215,"comment_status":"open","ping_status":"closed","template":"","meta":[],"product_brand":[],"product_cat":[67],"product_tag":[32],"class_list":{"0":"post-513","1":"product","2":"type-product","3":"status-publish","4":"has-post-thumbnail","6":"product_cat-groupe-electrogene","7":"product_tag-groupe-electrogene","9":"first","10":"instock","11":"shipping-taxable","12":"purchasable","13":"product-type-simple"},"_links":{"self":[{"href":"https:\/\/depmali.net\/index.php?rest_route=\/wp\/v2\/product\/513","targetHints":{"allow":["GET"]}}],"collection":[{"href":"https:\/\/depmali.net\/index.php?rest_route=\/wp\/v2\/product"}],"about":[{"href":"https:\/\/depmali.net\/index.php?rest_route=\/wp\/v2\/types\/product"}],"replies":[{"embeddable":true,"href":"https:\/\/depmali.net\/index.php?rest_route=%2Fwp%2Fv2%2Fcomments&post=513"}],"version-history":[{"count":6,"href":"https:\/\/depmali.net\/index.php?rest_route=\/wp\/v2\/product\/513\/revisions"}],"predecessor-version":[{"id":7228,"href":"https:\/\/depmali.net\/index.php?rest_route=\/wp\/v2\/product\/513\/revisions\/7228"}],"wp:featuredmedia":[{"embeddable":true,"href":"https:\/\/depmali.net\/index.php?rest_route=\/wp\/v2\/media\/7215"}],"wp:attachment":[{"href":"https:\/\/depmali.net\/index.php?rest_route=%2Fwp%2Fv2%2Fmedia&parent=513"}],"wp:term":[{"taxonomy":"product_brand","embeddable":true,"href":"https:\/\/depmali.net\/index.php?rest_route=%2Fwp%2Fv2%2Fproduct_brand&post=513"},{"taxonomy":"product_cat","embeddable":true,"href":"https:\/\/depmali.net\/index.php?rest_route=%2Fwp%2Fv2%2Fproduct_cat&post=513"},{"taxonomy":"product_tag","embeddable":true,"href":"https:\/\/depmali.net\/index.php?rest_route=%2Fwp%2Fv2%2Fproduct_tag&post=513"}],"curies":[{"name":"wp","href":"https:\/\/api.w.org\/{rel}","templated":true}]}}