{"id":512,"date":"2018-12-10T14:49:27","date_gmt":"2018-12-10T13:49:27","guid":{"rendered":"https:\/\/wilmer.qodeinteractive.com\/?post_type=product&#038;p=512"},"modified":"2022-05-12T17:29:09","modified_gmt":"2022-05-12T17:29:09","slug":"level-tool","status":"publish","type":"product","link":"https:\/\/depmali.net\/?product=level-tool","title":{"rendered":"Groupe \u00e9lectrog\u00e8ne Perkins 30KVA"},"content":{"rendered":"<p>Groupe \u00e9lectrog\u00e8ne Perkins 30kva&#8230;<\/p>\n","protected":false},"excerpt":{"rendered":"<p>Groupe \u00e9lectrog\u00e8ne Perkins 30KVA<\/p>\n","protected":false},"featured_media":7087,"comment_status":"open","ping_status":"closed","template":"","meta":[],"product_brand":[],"product_cat":[67],"product_tag":[32,52],"class_list":{"0":"post-512","1":"product","2":"type-product","3":"status-publish","4":"has-post-thumbnail","6":"product_cat-groupe-electrogene","7":"product_tag-groupe-electrogene","8":"product_tag-machine-industrielle","10":"first","11":"outofstock","12":"shipping-taxable","13":"purchasable","14":"product-type-simple"},"_links":{"self":[{"href":"https:\/\/depmali.net\/index.php?rest_route=\/wp\/v2\/product\/512","targetHints":{"allow":["GET"]}}],"collection":[{"href":"https:\/\/depmali.net\/index.php?rest_route=\/wp\/v2\/product"}],"about":[{"href":"https:\/\/depmali.net\/index.php?rest_route=\/wp\/v2\/types\/product"}],"replies":[{"embeddable":true,"href":"https:\/\/depmali.net\/index.php?rest_route=%2Fwp%2Fv2%2Fcomments&post=512"}],"version-history":[{"count":5,"href":"https:\/\/depmali.net\/index.php?rest_route=\/wp\/v2\/product\/512\/revisions"}],"predecessor-version":[{"id":7227,"href":"https:\/\/depmali.net\/index.php?rest_route=\/wp\/v2\/product\/512\/revisions\/7227"}],"wp:featuredmedia":[{"embeddable":true,"href":"https:\/\/depmali.net\/index.php?rest_route=\/wp\/v2\/media\/7087"}],"wp:attachment":[{"href":"https:\/\/depmali.net\/index.php?rest_route=%2Fwp%2Fv2%2Fmedia&parent=512"}],"wp:term":[{"taxonomy":"product_brand","embeddable":true,"href":"https:\/\/depmali.net\/index.php?rest_route=%2Fwp%2Fv2%2Fproduct_brand&post=512"},{"taxonomy":"product_cat","embeddable":true,"href":"https:\/\/depmali.net\/index.php?rest_route=%2Fwp%2Fv2%2Fproduct_cat&post=512"},{"taxonomy":"product_tag","embeddable":true,"href":"https:\/\/depmali.net\/index.php?rest_route=%2Fwp%2Fv2%2Fproduct_tag&post=512"}],"curies":[{"name":"wp","href":"https:\/\/api.w.org\/{rel}","templated":true}]}}